{"id":2270,"date":"2021-01-05T16:47:58","date_gmt":"2021-01-05T21:47:58","guid":{"rendered":"https:\/\/gpsites.co\/search\/?page_id=7"},"modified":"2025-11-27T21:19:59","modified_gmt":"2025-11-27T20:19:59","slug":"home","status":"publish","type":"page","link":"https:\/\/www.eurachem.cz\/","title":{"rendered":"Home"},"content":{"rendered":"<div class=\"gb-container gb-container-c1f1455e\"><div class=\"gb-inside-container\">\n<div class=\"gb-grid-wrapper gb-grid-wrapper-3ad94129\">\n<div class=\"gb-grid-column gb-grid-column-a9445b77\"><div class=\"gb-container gb-container-a9445b77\"><div class=\"gb-inside-container\">\n\n<h1 class=\"gb-headline gb-headline-6758775c gb-headline-text\">Eurachem \u010cR<\/h1>\n\n\n\n<p>Organizace v\u011bdeck\u00fdch, pedagogick\u00fdch a odborn\u00fdch pracovn\u00edk\u016f oboru analytick\u00e9 chemie<\/p>\n\n\n<div class=\"gb-button-wrapper gb-button-wrapper-d82ba490\">\n\n<a class=\"gb-button gb-button-03be1ffa gb-button-text button\" href=\"https:\/\/www.eurachem.cz\/index.php\/profil-spolku\/\" target=\"_blank\" rel=\"noopener noreferrer\">O Eurachemu<\/a>\n\n\n\n<a class=\"gb-button gb-button-c93da5fe gb-button-text\" href=\"https:\/\/www.eurachem.cz\/index.php\/kontakt\/\">Kontakt<\/a>\n\n<\/div>\n<\/div><\/div><\/div>\n\n<div class=\"gb-grid-column gb-grid-column-c570f88a\"><div class=\"gb-container gb-container-c570f88a\"><div class=\"gb-inside-container\">\n\n<figure class=\"wp-block-image size-full\"><img loading=\"lazy\" decoding=\"async\" width=\"862\" height=\"267\" src=\"https:\/\/www.eurachem.cz\/wp-content\/uploads\/2022\/03\/eurachem_logo_cz-2.png\" alt=\"\" class=\"wp-image-2312\" srcset=\"https:\/\/www.eurachem.cz\/wp-content\/uploads\/2022\/03\/eurachem_logo_cz-2.png 862w, https:\/\/www.eurachem.cz\/wp-content\/uploads\/2022\/03\/eurachem_logo_cz-2-300x93.png 300w, https:\/\/www.eurachem.cz\/wp-content\/uploads\/2022\/03\/eurachem_logo_cz-2-768x238.png 768w\" sizes=\"auto, (max-width: 862px) 100vw, 862px\" \/><\/figure>\n\n<\/div><\/div><\/div>\n<\/div>\n<\/div><div class=\"gb-shapes\"><div class=\"gb-shape gb-shape-1\"><svg xmlns=\"http:\/\/www.w3.org\/2000\/svg\" viewBox=\"0 0 1200 100\" preserveAspectRatio=\"none\"><path d=\"M1200 100H0V0l400 77.2L1200 0z\"\/><\/svg><\/div><\/div><\/div>\n\n<div class=\"gb-container gb-container-fdc53f10\"><div class=\"gb-inside-container\">\n\n<p class=\"gb-headline gb-headline-ebd47fe1\"><span class=\"gb-icon\"><svg viewBox=\"0 0 36.7 3\" xmlns=\"http:\/\/www.w3.org\/2000\/svg\"><path d=\"M0 0h36.7v3H0z\"><\/path><\/svg><\/span><span class=\"gb-headline-text\">Aktu\u00c1LN\u00cd INFORMACE<\/span><\/p>\n\n\n<div class=\"gb-grid-wrapper gb-grid-wrapper-8b52f8f5\">\n<div class=\"gb-grid-column gb-grid-column-8f400fc5\"><div class=\"gb-container gb-container-8f400fc5\"><div class=\"gb-inside-container\">\n\n<h4 class=\"gb-headline gb-headline-1f8959c4 gb-headline-text\">Mezin\u00e1rodn\u00ed semin\u00e1\u0159 v\u011bnovan\u00fd  zejm\u00e9na nejistot\u011b m\u011b\u0159en\u00ed &#8211; 1. cirkul\u00e1\u0159<\/h4>\n\n\n<div class=\"gb-button-wrapper gb-button-wrapper-33fabb25\">\n\n<a class=\"gb-button gb-button-70507aac arrow-link\" href=\"https:\/\/www.eurachem.cz\/wp-content\/uploads\/2025\/11\/WS_Eurachem_2026_First_Circular.pdf\" target=\"_blank\" rel=\"noopener noreferrer\"><span class=\"gb-button-text\">V\u00edce informac\u00ed<\/span><span class=\"gb-icon\"><svg height=\"30\" width=\"30\" xmlns=\"http:\/\/www.w3.org\/2000\/svg\" viewBox=\"0 0 15 15\"><path fill=\"currentColor\" d=\"M8.5 4.793L11.207 7.5 8.5 10.207 7.793 9.5l1.5-1.5H4V7h5.293l-1.5-1.5.707-.707z\"><\/path><\/svg><\/span><\/a>\n\n<\/div>\n<\/div><\/div><\/div>\n\n<div class=\"gb-grid-column gb-grid-column-b344dbaa\"><div class=\"gb-container gb-container-b344dbaa\"><div class=\"gb-inside-container\">\n\n<h4 class=\"gb-headline gb-headline-c10bb295 gb-headline-text\">Zve\u0159ejn\u011bna KVALIMETRIE 30 v\u011bnovan\u00e1 validaci postup\u016f m\u011b\u0159en\u00ed<\/h4>\n\n\n<div class=\"gb-button-wrapper gb-button-wrapper-d7d2a8da\">\n\n<a class=\"gb-button gb-button-b1fc2f2b arrow-link\" href=\"https:\/\/www.eurachem.cz\/index.php\/2025\/11\/27\/kvalimetrie-30\/\" target=\"_blank\" rel=\"noopener noreferrer\"><span class=\"gb-button-text\">KVALIMETRIE 30<\/span><span class=\"gb-icon\"><svg height=\"30\" width=\"30\" xmlns=\"http:\/\/www.w3.org\/2000\/svg\" viewBox=\"0 0 15 15\"><path fill=\"currentColor\" d=\"M8.5 4.793L11.207 7.5 8.5 10.207 7.793 9.5l1.5-1.5H4V7h5.293l-1.5-1.5.707-.707z\"><\/path><\/svg><\/span><\/a>\n\n<\/div>\n<\/div><\/div><\/div>\n<\/div>\n<\/div><\/div>\n\n\n<p><\/p>\n","protected":false},"excerpt":{"rendered":"<p>Aktu\u00c1LN\u00cd INFORMACE<\/p>\n","protected":false},"author":1,"featured_media":0,"parent":0,"menu_order":0,"comment_status":"closed","ping_status":"closed","template":"","meta":{"footnotes":""},"class_list":["post-2270","page","type-page","status-publish"],"_links":{"self":[{"href":"https:\/\/www.eurachem.cz\/index.php\/wp-json\/wp\/v2\/pages\/2270","targetHints":{"allow":["GET"]}}],"collection":[{"href":"https:\/\/www.eurachem.cz\/index.php\/wp-json\/wp\/v2\/pages"}],"about":[{"href":"https:\/\/www.eurachem.cz\/index.php\/wp-json\/wp\/v2\/types\/page"}],"author":[{"embeddable":true,"href":"https:\/\/www.eurachem.cz\/index.php\/wp-json\/wp\/v2\/users\/1"}],"replies":[{"embeddable":true,"href":"https:\/\/www.eurachem.cz\/index.php\/wp-json\/wp\/v2\/comments?post=2270"}],"version-history":[{"count":49,"href":"https:\/\/www.eurachem.cz\/index.php\/wp-json\/wp\/v2\/pages\/2270\/revisions"}],"predecessor-version":[{"id":2927,"href":"https:\/\/www.eurachem.cz\/index.php\/wp-json\/wp\/v2\/pages\/2270\/revisions\/2927"}],"wp:attachment":[{"href":"https:\/\/www.eurachem.cz\/index.php\/wp-json\/wp\/v2\/media?parent=2270"}],"curies":[{"name":"wp","href":"https:\/\/api.w.org\/{rel}","templated":true}]}}