{"id":2506,"date":"2022-07-11T14:11:48","date_gmt":"2022-07-11T12:11:48","guid":{"rendered":"http:\/\/dev.eurachem2021.cz\/?page_id=2506"},"modified":"2022-10-25T18:00:35","modified_gmt":"2022-10-25T16:00:35","slug":"english","status":"publish","type":"page","link":"https:\/\/www.eurachem.cz\/index.php\/english\/","title":{"rendered":"ENGLISH"},"content":{"rendered":"\n<h2 class=\"gb-headline gb-headline-72cff263 gb-headline-text\">English Summary<\/h2>\n\n\n\n<p style=\"font-size:18px\">Established in 1992, Eurachem-Czech Republic (Eurachem-CZ) is a national organisation of <a href=\"http:\/\/www.eurachem.org\/\">Eurachem<\/a> . The aim of Eurachem network is to establish a forum for European laboratories and other organisations to promote good quality practices for chemical measurements. It provides a forum for the discussion of common problems and for developing an informed and considered approach to both technical and policy issues. Eurachem&#8217;s uniqueness as an organisation comes from its primary concern, which is the analytical quality of chemical measurements. National Eurachem organisations have now been established in many European countries.<\/p>\n\n\n\n<p>More about Eurachem-CZ activities in English &#8211; see <a href=\"https:\/\/www.eurachem.cz\/wp-content\/uploads\/2022\/07\/EURACHEMCZ-Report2022.pdf\" target=\"_blank\" rel=\"noreferrer noopener\">the National Report 2022<\/a><\/p>\n\n\n\n<p><\/p>\n\n\n\n<h2 class=\"gb-headline gb-headline-4c5ce675 gb-headline-text\">National Representatives to the General Assembly<\/h2>\n\n\n\n<div class=\"wp-block-columns is-layout-flex wp-container-core-columns-is-layout-9d6595d7 wp-block-columns-is-layout-flex\">\n<div class=\"wp-block-column is-layout-flow wp-block-column-is-layout-flow\">\n<p style=\"font-size:18px\"><strong>Dr. David MILDE<\/strong> (Eurachem-CZ Chair)<br>Department of Analytical Chemistry<br>Palacky University in Olomouc<br>17. listopadu 12<br>771 46 Olomouc<br>CZECH REPUBLIC<\/p>\n\n\n\n<p style=\"font-size:18px\">Phone: +420 585 634 443<br>e-mail: david.milde(at)upol.cz<\/p>\n<\/div>\n\n\n\n<div class=\"wp-block-column is-layout-flow wp-block-column-is-layout-flow\">\n<p style=\"font-size:18px\"><strong>Dr. V\u00e1clav \u010cERVEN\u00dd<\/strong> (Eurachem-CZ Treasurer)<br>Department of Analytical Chemistry<br>Charles University<br>Hlavova 8<br>128 43 Praha 2<br>CZECH REPUBLIC<\/p>\n\n\n\n<p style=\"font-size:18px\">Phone: +420 221 951 234<br>e-mail: vaclav.cerveny(at)natur.cuni.cz<\/p>\n<\/div>\n<\/div>\n","protected":false},"excerpt":{"rendered":"<p>English Summary Established in 1992, Eurachem-Czech Republic (Eurachem-CZ) is a national organisation of Eurachem . The aim of Eurachem network is to establish a forum &#8230; <a title=\"ENGLISH\" class=\"read-more\" href=\"https:\/\/www.eurachem.cz\/index.php\/english\/\" aria-label=\"\u010c\u00edst v\u00edce o ENGLISH\">Read More<\/a><\/p>\n","protected":false},"author":1,"featured_media":0,"parent":0,"menu_order":0,"comment_status":"closed","ping_status":"closed","template":"","meta":{"footnotes":""},"class_list":["post-2506","page","type-page","status-publish"],"_links":{"self":[{"href":"https:\/\/www.eurachem.cz\/index.php\/wp-json\/wp\/v2\/pages\/2506","targetHints":{"allow":["GET"]}}],"collection":[{"href":"https:\/\/www.eurachem.cz\/index.php\/wp-json\/wp\/v2\/pages"}],"about":[{"href":"https:\/\/www.eurachem.cz\/index.php\/wp-json\/wp\/v2\/types\/page"}],"author":[{"embeddable":true,"href":"https:\/\/www.eurachem.cz\/index.php\/wp-json\/wp\/v2\/users\/1"}],"replies":[{"embeddable":true,"href":"https:\/\/www.eurachem.cz\/index.php\/wp-json\/wp\/v2\/comments?post=2506"}],"version-history":[{"count":6,"href":"https:\/\/www.eurachem.cz\/index.php\/wp-json\/wp\/v2\/pages\/2506\/revisions"}],"predecessor-version":[{"id":2631,"href":"https:\/\/www.eurachem.cz\/index.php\/wp-json\/wp\/v2\/pages\/2506\/revisions\/2631"}],"wp:attachment":[{"href":"https:\/\/www.eurachem.cz\/index.php\/wp-json\/wp\/v2\/media?parent=2506"}],"curies":[{"name":"wp","href":"https:\/\/api.w.org\/{rel}","templated":true}]}}